{"id":77,"date":"2024-09-23T05:08:45","date_gmt":"2024-09-23T05:08:45","guid":{"rendered":"https:\/\/www.cabship.co.ao\/\/?page_id=77"},"modified":"2025-06-10T05:30:01","modified_gmt":"2025-06-10T05:30:01","slug":"career","status":"publish","type":"page","link":"https:\/\/www.cabship.co.ao\/pt\/career\/","title":{"rendered":"Vagas Abertas"},"content":{"rendered":"<p>Na CABSHIP, acreditamos que o talento \u00e9 o nosso maior activo. Ainda que n\u00e3o existam vagas dispon\u00edveis de momento, mas estamos sempre recetivos a conhecer profissionais motivados, proactivos e comprometidos com a excel\u00eancia. <\/p><p>Se se identifica com os nossos valores e ambiciona fazer parte da grande fam\u00edlia CABSHIP, convidamo-lo a submeter a sua candidatura espont\u00e2nea.<\/p>","protected":false},"excerpt":{"rendered":"<p>Na CABSHIP, acreditamos que o talento \u00e9 o nosso maior activo. Ainda que n\u00e3o existam vagas dispon\u00edveis de momento, mas estamos sempre recetivos a conhecer profissionais motivados, proactivos e comprometidos com a excel\u00eancia. Se se identifica com os nossos valores e ambiciona fazer parte da grande fam\u00edlia CABSHIP, convidamo-lo a submeter a sua candidatura espont\u00e2nea.<\/p>\n","protected":false},"author":1,"featured_media":0,"parent":0,"menu_order":0,"comment_status":"closed","ping_status":"closed","template":"template-career.php","meta":{"_acf_changed":false,"inline_featured_image":false,"footnotes":""},"class_list":["post-77","page","type-page","status-publish","hentry"],"acf":[],"_links":{"self":[{"href":"https:\/\/www.cabship.co.ao\/pt\/wp-json\/wp\/v2\/pages\/77","targetHints":{"allow":["GET"]}}],"collection":[{"href":"https:\/\/www.cabship.co.ao\/pt\/wp-json\/wp\/v2\/pages"}],"about":[{"href":"https:\/\/www.cabship.co.ao\/pt\/wp-json\/wp\/v2\/types\/page"}],"author":[{"embeddable":true,"href":"https:\/\/www.cabship.co.ao\/pt\/wp-json\/wp\/v2\/users\/1"}],"replies":[{"embeddable":true,"href":"https:\/\/www.cabship.co.ao\/pt\/wp-json\/wp\/v2\/comments?post=77"}],"version-history":[{"count":20,"href":"https:\/\/www.cabship.co.ao\/pt\/wp-json\/wp\/v2\/pages\/77\/revisions"}],"predecessor-version":[{"id":829,"href":"https:\/\/www.cabship.co.ao\/pt\/wp-json\/wp\/v2\/pages\/77\/revisions\/829"}],"wp:attachment":[{"href":"https:\/\/www.cabship.co.ao\/pt\/wp-json\/wp\/v2\/media?parent=77"}],"curies":[{"name":"wp","href":"https:\/\/api.w.org\/{rel}","templated":true}]}}