{"id":58,"date":"2024-09-23T04:42:13","date_gmt":"2024-09-23T04:42:13","guid":{"rendered":"https:\/\/www.cabship.co.ao\/\/?page_id=58"},"modified":"2025-06-10T05:34:54","modified_gmt":"2025-06-10T05:34:54","slug":"ceos-message","status":"publish","type":"page","link":"https:\/\/www.cabship.co.ao\/pt\/ceos-message\/","title":{"rendered":"MSG CEO 15 ANOS CABSHIP"},"content":{"rendered":"<p class=\"text-darkblue\">Cheg\u00e1mos ao ano de 2025 e a CABSHIP completa 16 anos de exist\u00eancia. \u00c9, mais do que nunca, tempo de balan\u00e7o e reflex\u00e3o. Hoje, ao olharmos para tr\u00e1s vemos um caminho pleno de realiza\u00e7\u00f5es e conquistas que nos enchem de orgulho e que nos mostram que o caminho se faz caminhando e que s\u00f3 falhamos quando deixamos de tentar.<\/p>\r\n\r\n<p class=\"text-darkblue\">As distin\u00e7\u00f5es recentes s\u00e3o motivadoras: Campe\u00e3 de Conte\u00fado Local e Parceria do Ano em 2023 e Melhor Empresa Local do Ano do Sector Oil &#038; Gas de 2024.\r\n<\/p>\r\n<p class=\"text-darkblue\">N\u00e3o posso deixar de ter aqui uma palavra de reconhecimento \u00e0 resili\u00eancia dos nossos colaboradores. Gra\u00e7as ao esfor\u00e7o de todos somos hoje uma empresa de refer\u00eancia nacional e estamos gratos por isso.\r\n\r\nEnquanto empresa l\u00edder de conte\u00fado local, subscrevemos a diversifica\u00e7\u00e3o econ\u00f3mica, por isso \u00e9 que estamos a investir em diversas \u00e1reas: hotelaria, educa\u00e7\u00e3o, agricultura e ind\u00fastria cer\u00e2mica.\r\nO futuro \u00e9 promissor. Vamos constru\u00ed-lo juntos, com a mesma humildade que tivemos h\u00e1 16 anos. O caminho percorrido at\u00e9 agora mostra-nos que podemos fazer mais e melhor. <\/p>\r\n\r\n<p class=\" text-darkblue\">Parab\u00e9ns e bem-haja!\r\n <\/p>","protected":false},"excerpt":{"rendered":"<p>Cheg\u00e1mos ao ano de 2025 e a CABSHIP completa 16 anos de exist\u00eancia. \u00c9, mais do que nunca, tempo de balan\u00e7o e reflex\u00e3o. Hoje, ao olharmos para tr\u00e1s vemos um caminho pleno de realiza\u00e7\u00f5es e conquistas que nos enchem de orgulho e que nos mostram que o caminho se faz caminhando e que s\u00f3 falhamos [&hellip;]<\/p>\n","protected":false},"author":1,"featured_media":0,"parent":0,"menu_order":0,"comment_status":"closed","ping_status":"closed","template":"template-ceo-message.php","meta":{"_acf_changed":false,"inline_featured_image":false,"footnotes":""},"class_list":["post-58","page","type-page","status-publish","hentry"],"acf":[],"_links":{"self":[{"href":"https:\/\/www.cabship.co.ao\/pt\/wp-json\/wp\/v2\/pages\/58","targetHints":{"allow":["GET"]}}],"collection":[{"href":"https:\/\/www.cabship.co.ao\/pt\/wp-json\/wp\/v2\/pages"}],"about":[{"href":"https:\/\/www.cabship.co.ao\/pt\/wp-json\/wp\/v2\/types\/page"}],"author":[{"embeddable":true,"href":"https:\/\/www.cabship.co.ao\/pt\/wp-json\/wp\/v2\/users\/1"}],"replies":[{"embeddable":true,"href":"https:\/\/www.cabship.co.ao\/pt\/wp-json\/wp\/v2\/comments?post=58"}],"version-history":[{"count":16,"href":"https:\/\/www.cabship.co.ao\/pt\/wp-json\/wp\/v2\/pages\/58\/revisions"}],"predecessor-version":[{"id":830,"href":"https:\/\/www.cabship.co.ao\/pt\/wp-json\/wp\/v2\/pages\/58\/revisions\/830"}],"wp:attachment":[{"href":"https:\/\/www.cabship.co.ao\/pt\/wp-json\/wp\/v2\/media?parent=58"}],"curies":[{"name":"wp","href":"https:\/\/api.w.org\/{rel}","templated":true}]}}