{"id":21,"date":"2024-09-20T09:15:53","date_gmt":"2024-09-20T09:15:53","guid":{"rendered":"https:\/\/www.cabship.co.ao\/\/pt\/?page_id=21"},"modified":"2025-09-15T05:59:35","modified_gmt":"2025-09-15T05:59:35","slug":"our-history","status":"publish","type":"page","link":"https:\/\/www.cabship.co.ao\/pt\/our-history\/","title":{"rendered":"NOSSA HIST\u00d3RIA"},"content":{"rendered":"<h2>Somos uma empresa local de a<br>lcance internacional.<\/h2>\r\n\r\n\r\n<p class=\"text-darkblue\">Fundada em abril de 2009, a CABSHIP iniciou suas actividades no Porto de Cabinda, fornecendo servi\u00e7os de agenciamento de\r\nnavios, estiva e transit\u00e1rio.<\/p>\r\n\r\n<p class=\"text-darkblue\">Ao longo do tempo, expandimos nossas opera\u00e7\u00f5es para o sector de \u00d3leo &#038; G\u00e1s, incluindo a gest\u00e3o de terminais mar\u00edtimos, portos e\r\narmaz\u00e9ns. A integra\u00e7\u00e3o na Global Logistics Network ampliou nossa atua\u00e7\u00e3o para o plano internacional.\r\n\r\nPara melhor responder \u00e0s necessidades dos nossos clientes, estabelecemos escrit\u00f3rios de apoio em Luanda, Cape Town, Dubai e\r\nHouston.<\/p>\r\n\r\n<p class=\"text-darkblue\">Passando a ser um operador log\u00edstico estrat\u00e9gico operar nas \u00e1reas de Gest\u00e3o de Invent\u00e1rio, Materiais e \u201cProcurement\u201d.\r\n\r\nPelo compromisso com a qualidade, efici\u00eancia e entrega de solu\u00e7\u00f5es integradas de log\u00edstica, fomos distinguidos com o pr\u00e9mio de\r\nEmpresa de Conte\u00fado Local. Em 2022, inaugur\u00e1mos o nosso edif\u00edcio sede, na prov\u00edncia de Cabinda.\r\n\r\nEm 2024, fomos distinguidos com o pr\u00e9mio de Melhor Empresa Local no \u00d3leo e G\u00e1s em Angola.\r\n\r\nDe uma pequena opera\u00e7\u00e3o local a uma empresa reconhecida no mercado nacional, a CABSHIP continua a escrever a sua hist\u00f3ria\r\ncom uma traject\u00f3ria marcada pela inova\u00e7\u00e3o, crescimento sustent\u00e1vel e excel\u00eancia.<\/p>","protected":false},"excerpt":{"rendered":"<p>Somos uma empresa local de alcance internacional. Fundada em abril de 2009, a CABSHIP iniciou suas actividades no Porto de Cabinda, fornecendo servi\u00e7os de agenciamento de navios, estiva e transit\u00e1rio. Ao longo do tempo, expandimos nossas opera\u00e7\u00f5es para o sector de \u00d3leo &#038; G\u00e1s, incluindo a gest\u00e3o de terminais mar\u00edtimos, portos e armaz\u00e9ns. A integra\u00e7\u00e3o [&hellip;]<\/p>\n","protected":false},"author":1,"featured_media":0,"parent":0,"menu_order":0,"comment_status":"closed","ping_status":"closed","template":"template-about.php","meta":{"_acf_changed":false,"inline_featured_image":false,"footnotes":""},"class_list":["post-21","page","type-page","status-publish","hentry"],"acf":[],"_links":{"self":[{"href":"https:\/\/www.cabship.co.ao\/pt\/wp-json\/wp\/v2\/pages\/21","targetHints":{"allow":["GET"]}}],"collection":[{"href":"https:\/\/www.cabship.co.ao\/pt\/wp-json\/wp\/v2\/pages"}],"about":[{"href":"https:\/\/www.cabship.co.ao\/pt\/wp-json\/wp\/v2\/types\/page"}],"author":[{"embeddable":true,"href":"https:\/\/www.cabship.co.ao\/pt\/wp-json\/wp\/v2\/users\/1"}],"replies":[{"embeddable":true,"href":"https:\/\/www.cabship.co.ao\/pt\/wp-json\/wp\/v2\/comments?post=21"}],"version-history":[{"count":72,"href":"https:\/\/www.cabship.co.ao\/pt\/wp-json\/wp\/v2\/pages\/21\/revisions"}],"predecessor-version":[{"id":55,"href":"https:\/\/www.cabship.co.ao\/pt\/wp-json\/wp\/v2\/pages\/21\/revisions\/55"}],"wp:attachment":[{"href":"https:\/\/www.cabship.co.ao\/pt\/wp-json\/wp\/v2\/media?parent=21"}],"curies":[{"name":"wp","href":"https:\/\/api.w.org\/{rel}","templated":true}]}}