{"id":206,"date":"2024-12-03T06:49:57","date_gmt":"2024-12-03T06:49:57","guid":{"rendered":"https:\/\/www.cabship.co.ao\/\/?page_id=206"},"modified":"2025-01-10T11:44:25","modified_gmt":"2025-01-10T11:44:25","slug":"what-we-do","status":"publish","type":"page","link":"https:\/\/www.cabship.co.ao\/pt\/what-we-do\/","title":{"rendered":"O que fazemos"},"content":{"rendered":"<p class=\"text-center text-darkblue\">A CABSHIP cresceu para oferecer solu\u00e7\u00f5es 3PL e 4PL aos seus clientes de acordo com as suas \r\nnecessidades. Como membro da Global Logistics Network (GLN), a CABSHIP estende o seu alcance \r\naos 536 escrit\u00f3rios da rede em 137 pa\u00edses e 310 cidades, permitindo-lhe atender \u00e0s necessidades \r\nde log\u00edstica dos seus clientes em todo o mundo, de maneira profissional e eficiente\r\n <\/p>\r\n\r\n<p class=\"text-center text-darkblue\">Nos \u00faltimos 3 anos a CABSHIP foi oficialmente reconhecida e premiada, COMO EMPRESA DE \r\nCONTE\u00daDO Local, para al\u00e9m de uma nomea\u00e7\u00e3o e um pr\u00e9mio de Parceria do Ano, pela parceria com \r\na Octomar, atribu\u00eddo pela PetroAngola:\r\n\r\n2022 \u2013 Considerada Melhor Empresa de Conte\u00fado Local, pela Petroangola\r\n\r\n2023 \u2013 Considerada Campe\u00e3 de Conte\u00fado Local, pela The Energy Year\r\n\r\n2024 &#8211; EMPRESA LOCAL DO ANO DO SECTOR OIL &#038; GAS, atribu\u00eddo pela Energy Capital &#038; Power,\r\n\r\nControlada e gerida a 100% por angolanos, a CABSHIP possui certifica\u00e7\u00e3o ISO 9001:2015 e ISO \r\n45001:2018\r\n\r\n<\/p>","protected":false},"excerpt":{"rendered":"<p>A CABSHIP cresceu para oferecer solu\u00e7\u00f5es 3PL e 4PL aos seus clientes de acordo com as suas necessidades. Como membro da Global Logistics Network (GLN), a CABSHIP estende o seu alcance aos 536 escrit\u00f3rios da rede em 137 pa\u00edses e 310 cidades, permitindo-lhe atender \u00e0s necessidades de log\u00edstica dos seus clientes em todo o mundo, [&hellip;]<\/p>\n","protected":false},"author":1,"featured_media":0,"parent":0,"menu_order":0,"comment_status":"closed","ping_status":"closed","template":"","meta":{"_acf_changed":false,"inline_featured_image":false,"footnotes":""},"class_list":["post-206","page","type-page","status-publish","hentry"],"acf":[],"_links":{"self":[{"href":"https:\/\/www.cabship.co.ao\/pt\/wp-json\/wp\/v2\/pages\/206","targetHints":{"allow":["GET"]}}],"collection":[{"href":"https:\/\/www.cabship.co.ao\/pt\/wp-json\/wp\/v2\/pages"}],"about":[{"href":"https:\/\/www.cabship.co.ao\/pt\/wp-json\/wp\/v2\/types\/page"}],"author":[{"embeddable":true,"href":"https:\/\/www.cabship.co.ao\/pt\/wp-json\/wp\/v2\/users\/1"}],"replies":[{"embeddable":true,"href":"https:\/\/www.cabship.co.ao\/pt\/wp-json\/wp\/v2\/comments?post=206"}],"version-history":[{"count":9,"href":"https:\/\/www.cabship.co.ao\/pt\/wp-json\/wp\/v2\/pages\/206\/revisions"}],"predecessor-version":[{"id":523,"href":"https:\/\/www.cabship.co.ao\/pt\/wp-json\/wp\/v2\/pages\/206\/revisions\/523"}],"wp:attachment":[{"href":"https:\/\/www.cabship.co.ao\/pt\/wp-json\/wp\/v2\/media?parent=206"}],"curies":[{"name":"wp","href":"https:\/\/api.w.org\/{rel}","templated":true}]}}