{"id":206,"date":"2024-12-03T06:49:57","date_gmt":"2024-12-03T06:49:57","guid":{"rendered":"https:\/\/www.cabship.co.ao\/\/?page_id=206"},"modified":"2025-01-10T11:44:25","modified_gmt":"2025-01-10T11:44:25","slug":"what-we-do","status":"publish","type":"page","link":"https:\/\/www.cabship.co.ao\/fr\/what-we-do\/","title":{"rendered":"What we do"},"content":{"rendered":"<p class=\"text-center text-darkblue\">CABSHIP s&rsquo;est d\u00e9velopp\u00e9 pour offrir des solutions 3PL et 4PL \u00e0 ses clients en fonction de leurs besoins. En tant que membre du Global Logistics Network (GLN), CABSHIP \u00e9tend sa port\u00e9e \u00e0 536 bureaux de r\u00e9seau dans 137 pays et 310 villes, lui permettant de r\u00e9pondre aux besoins logistiques de ses clients dans le monde entier de mani\u00e8re professionnelle et efficace.\r\n <\/p>\r\n\r\n<p class=\"text-center text-darkblue\">Over the last 3 years, CABSHIP has been officially recognized and awarded, AS A LOCAL CONTENT COMPANY, in addition to a nomination and a Partnership of the Year award, for the partnership with Octomar, awarded by PetroAngola: 2022 \u2013 Considered Best Local Content Company, by Petroangola2023 \u2013 Considered Local Content Champion, by The Energy Year2024 \u2013 LOCAL COMPANY OF THE YEAR IN THE OIL &#038; GAS SECTOR, awarded by Energy Capital &#038; Power, 100% controlled and managed by Angolans, CABSHIP is ISO 9001:2015 and ISO 45001:2018 certified.\r\n\r\n<\/p>","protected":false},"excerpt":{"rendered":"<p>CABSHIP s&rsquo;est d\u00e9velopp\u00e9 pour offrir des solutions 3PL et 4PL \u00e0 ses clients en fonction de leurs besoins. En tant que membre du Global Logistics Network (GLN), CABSHIP \u00e9tend sa port\u00e9e \u00e0 536 bureaux de r\u00e9seau dans 137 pays et 310 villes, lui permettant de r\u00e9pondre aux besoins logistiques de ses clients dans le monde [&hellip;]<\/p>\n","protected":false},"author":1,"featured_media":0,"parent":0,"menu_order":0,"comment_status":"closed","ping_status":"closed","template":"","meta":{"_acf_changed":false,"inline_featured_image":false,"footnotes":""},"class_list":["post-206","page","type-page","status-publish","hentry"],"acf":[],"_links":{"self":[{"href":"https:\/\/www.cabship.co.ao\/fr\/wp-json\/wp\/v2\/pages\/206","targetHints":{"allow":["GET"]}}],"collection":[{"href":"https:\/\/www.cabship.co.ao\/fr\/wp-json\/wp\/v2\/pages"}],"about":[{"href":"https:\/\/www.cabship.co.ao\/fr\/wp-json\/wp\/v2\/types\/page"}],"author":[{"embeddable":true,"href":"https:\/\/www.cabship.co.ao\/fr\/wp-json\/wp\/v2\/users\/1"}],"replies":[{"embeddable":true,"href":"https:\/\/www.cabship.co.ao\/fr\/wp-json\/wp\/v2\/comments?post=206"}],"version-history":[{"count":9,"href":"https:\/\/www.cabship.co.ao\/fr\/wp-json\/wp\/v2\/pages\/206\/revisions"}],"predecessor-version":[{"id":523,"href":"https:\/\/www.cabship.co.ao\/fr\/wp-json\/wp\/v2\/pages\/206\/revisions\/523"}],"wp:attachment":[{"href":"https:\/\/www.cabship.co.ao\/fr\/wp-json\/wp\/v2\/media?parent=206"}],"curies":[{"name":"wp","href":"https:\/\/api.w.org\/{rel}","templated":true}]}}